{"id":680,"date":"2016-01-25T04:08:47","date_gmt":"2016-01-25T04:08:47","guid":{"rendered":"http:\/\/demo.themeton.com\/letstravel\/?page_id=680"},"modified":"2016-09-07T18:27:46","modified_gmt":"2016-09-07T21:27:46","slug":"condiciones","status":"publish","type":"page","link":"https:\/\/www.lalileoviajes.tur.ar\/index.php\/condiciones\/","title":{"rendered":"Condiciones Generales"},"content":{"rendered":"<p>[vc_row css=\u00bb.vc_custom_1458216046110{margin-bottom: 60px !important;}\u00bb][vc_column][title title=\u00bbLalileo Viajes EVT Leg. 11411&#8243; subtitle=\u00bb\u00bb description=\u00bb\u00bb css=\u00bb.vc_custom_1473277755816{padding-top: 110px !important;padding-bottom: 65px !important;}\u00bb][\/vc_column][\/vc_row][vc_row][vc_column][vc_tta_accordion style=\u00bbmodern\u00bb active_section=\u00bb1&#8243;][vc_tta_section title=\u00bbSOLICITUDES Y PAGOS\u00bb tab_id=\u00bb1473276064207-7287acf3-fbaf\u00bb][vc_column_text]1) El precio y\/o reservaci\u00f3n de los servicios que \u00a0componen el tour quedan sujetos a modificaciones sin \u00a0previo aviso cuando se produzca una alteraci\u00f3n en los \u00a0servicios, modificaciones en los costos o en los tipos \u00a0de cambio previstos por las causas no imputables a \u00a0las \u00a0partes;<\/p>\n<p>2) Todos los importes pagados antes de la \u00a0confirmaci\u00f3n \u00a0definitiva de los servicios son percibidos \u00a0en concepto \u00a0de reserva y a cuenta del precio \u00a0definitivo. La \u00a0confirmaci\u00f3n definitiva de los servicios \u00a0y precios \u00a0respectivos se producir\u00e1 con la emisi\u00f3n de \u00a0pasajes y\/o \u00a0\u00f3rdenes de servicios y la correspondiente \u00a0facturaci\u00f3n;<\/p>\n<p>3) Las operaciones a cr\u00e9dito deber\u00e1n satisfacer los \u00a0requisitos propios fijados para las mismas. En su \u00a0defecto el interesado deber\u00e1 cumplimentar el pago de \u00a0los saldos en los plazos y condiciones establecidos en \u00a0la contrataci\u00f3n.<\/p>\n<p><strong>NUESTROS PRECIOS INCLUYEN:<\/strong><\/p>\n<p>Alojamiento en los hoteles\u00a0mencionados en\u00a0los \u00a0\u00a0\u00a0\u00a0itinerarios o en otros de igual o mayor categor\u00eda, en\u00a0habitaciones simples, dobles, triples, etc. con o sin \u00a0ba\u00f1os privado, libre o no de impuestos, todo seg\u00fan\u00a0tarifa elegida.<\/p>\n<p>* R\u00e9gimen de comidas seg\u00fan se indique en cada\u00a0oportunidad.<\/p>\n<p>*\u00a0Visitas y excursiones que se mencionen.<\/p>\n<p>* Traslado desde y hasta aeropuertos, terminales y\u00a0hoteles, cuando se indique.<\/p>\n<p>* La cantidad prevista de d\u00edas de alojamiento, teniendo\u00a0en cuenta que el d\u00eda de alojamiento hotelero se computa desde las quince horas y finaliza a las\u00a0doce horas del d\u00eda siguiente independientemente de\u00a0la hora de llegada y de salida y de la utilizaci\u00f3n\u00a0completa o fraccionada\u00a0del \u00a0mismo.<\/p>\n<p>* La duraci\u00f3n del tour ser\u00e1 indicada en cada caso tomando como primer d\u00eda el de salida inicial y como\u00a0\u00faltimo el de finalizaci\u00f3n de los servicios \u00a0contratados,\u00a0independientemente del horario de salida o de\u00a0llegada en el primer d\u00eda o en el \u00faltimo.<\/p>\n<p><strong>NUESTROS PRECIOS\u00a0 NO INCLUYEN:<\/strong><\/p>\n<p>* Ning\u00fan servicio que no se encuentre indicado\u00a0expresamente en la orden de servicio, en el itinerario\u00a0contratado o en las condiciones generales. Comidas no especificadas.<\/p>\n<p>* Bebidas y comidas de reg\u00edmenes diet\u00e9ticos especiales.<\/p>\n<p>* Extras de ning\u00fan tipo, como ser lavado de ropa, llamadas telef\u00f3nicas, propinas, bebidas y comidas en ruta y pensi\u00f3n alimenticia, salvo lo \u00a0expresamente detallado en cada itinerario.<\/p>\n<p>*\u00a0Tasas de aeropuerto o de embarque, tasas sobre\u00a0servicios, IVA. y otros impuestos actuales y\/o futuros.<\/p>\n<p>*\u00a0Estad\u00edas, comidas y\/o gastos adicionales o\u00a0perjuicios producidos por cancelaciones, demoras en las salidas o llegadas de los medios de transporte o\u00a0por razones imprevistas ajenas a la empresa.<\/p>\n<p>*\u00a0Gastos de intereses en operaciones de cr\u00e9dito.[\/vc_column_text][\/vc_tta_section][vc_tta_section title=\u00bbLIMITACIONES AL DERECHO DE PERMANENCIA\u00bb tab_id=\u00bb1473276064317-5aaaaa59-4504&#8243;][vc_column_text]La empresa se reserva el derecho de hacer que abandone el tour en cualquier punto del mismo a todo pasajero cuya conducta, modo de obrar, estado de salud, u otras razones graves a juicio de la empresa, provoquen peligro o causen molestias a los restantes pasajeros o puedan malograr el \u00e9xito de la excursi\u00f3n o el normal desarrollo de la misma.[\/vc_column_text][\/vc_tta_section][vc_tta_section title=\u00bbDOCUMENTACION\u00bb tab_id=\u00bb1473276252056-2be99e78-b5e0&#8243;][vc_column_text]Para los viajes al exterior es necesario atender la \u00a0legislaci\u00f3n vigente en cada caso. Es responsabilidad \u00a0inexcusable de la agencia informar fehacientemente y \u00a0con anticipaci\u00f3n suficiente sobre los requisitos que \u00a0exijan las autoridades migratorias, aduaneras y \u00a0sanitarias de los destinos que incluye el tour, siendo responsabilidad exclusiva del pasajero contar con la\u00a0 documentaci\u00f3n personal que exijan las autoridades \u00a0mencionadas anteriormente, as\u00ed como el pago de los \u00a0impuestos y\/o aranceles que las mismas requieran. La \u00a0empresa est\u00e1 eximida de toda responsabilidad en caso \u00a0de ser rechazada por alguna autoridad la visaci\u00f3n por \u00a0causas particulares del cliente, o que le sea negada a \u00a0\u00e9ste la entrada a un pa\u00eds por autoridad competente. \u00a0Ser\u00e1 por cuenta del pasajero cualquier gasto que se \u00a0origine por estas circunstancias, aplic\u00e1ndose en ese caso las mismas condiciones establecidas para \u00a0cancelaciones y desistimiento voluntario de los servicios.[\/vc_column_text][\/vc_tta_section][vc_tta_section title=\u00bbRESERVAS Y CANCELACIONES\u00bb tab_id=\u00bb1473276423721-3e7f3b15-ada6&#8243;][vc_column_text]Las reservas pueden efectuarse mediante el pago a cuenta equivalente al 30% del precio total de los \u00a0servicios: cualquier reserva implica el conocimiento y \u00a0aceptaci\u00f3n de las presentes condiciones generales. En \u00a0caso de desistimiento total o parcial del viaje por parte\u00a0del pasajero se estar\u00e1 a las siguientes pautas:\u00a0\u00a0\u00a0\u00a0\u00a0\u00a0\u00a0\u00a0\u00a0\u00a0 1) En caso de desistimiento de operaciones a cr\u00e9dito \u00a0no tendr\u00e1n reembolso los importes abonados en \u00a0concepto de informes, gastos administrativos,\u00a0sellados e intereses;<\/p>\n<p>2) Cuando se trate de desistimiento que afecte a \u00a0servicios contratados en firme por la agencia, el reembolso de los mismos estar\u00e1 sujeto a las \u00a0condiciones contractuales bajo las cuales presten sus \u00a0servicios las respectivas empresas. Lalileo Viajes aplicar\u00e1 los \u00a0siguientes gastos m\u00ednimos:<\/p>\n<p><em><strong>Gastos de Modificaci\u00f3n de reservas:<\/strong><\/em><\/p>\n<p><strong><em>USD 30<\/em><\/strong><\/p>\n<p><strong><em>Gastos de Cancelaci\u00f3n:<\/em><\/strong><\/p>\n<p>Montos sujetos a las pol\u00edticas de reserva y cancelaci\u00f3n de\u00a0nuestros \u00a0operadores<\/p>\n<p>contratados.[\/vc_column_text][\/vc_tta_section][vc_tta_section title=\u00bbTRANSPORTE NO REGULAR O CHARTER\u00bb tab_id=\u00bb1473276488162-9e5ba201-e6b9&#8243;][vc_column_text]Rige lo estipulado en el punto anterior. Sin perjuicio de \u00a0ello, en estos casos s\u00f3lo se reintegrar\u00e1 la proporci\u00f3n \u00a0del precio correspondiente a los servicios terrestres que determine Lalileo Viajes\u00a0 seg\u00fan la modalidad con que\u00a0operen los prestadores de los servicios. Para que esta\u00a0cl\u00e1usula sea v\u00e1lida, deber\u00e1 determinarse en el primer \u00a0documento entregado al pasajero, que instrumente su \u00a0derecho a ser transportado, la calidad del transporte.[\/vc_column_text][\/vc_tta_section][vc_tta_section title=\u00bbCESI\u00d3N O TRANSFERENCIA\u00bb tab_id=\u00bb1473276546705-c5523e89-7a33&#8243;][vc_column_text]Los derechos que el cliente adquiere en virtud del \u00a0contrato de servicios tur\u00edsticos podr\u00e1 ser cedido o \u00a0transferido a otras personas hasta treinta d\u00edas antes \u00a0de la fecha de salida, siempre que no se opongan a \u00a0ello las prescripciones del transportista, del hotelero o \u00a0prestador de servicios. En los supuestos que los pasajeros sean de distintas edades (mayores\u00a0&#8211;\u00a0menores) se ajustar\u00e1 el precio seg\u00fan tarifarios. En \u00a0todos los casos de cesi\u00f3n o transferencia la empresa \u00a0podr\u00e1 percibir en concepto de comisi\u00f3n un sobreprecio \u00a0del 10% del monto convenido.[\/vc_column_text][\/vc_tta_section][vc_tta_section title=\u00bbRESPONSABILIDAD\u00bb tab_id=\u00bb1473276585166-ecb055c2-edd2&#8243;][vc_column_text]La empresa declara expresamente que act\u00faa en \u00a0car\u00e1cter de intermediaria en la reserva y\/o \u00a0contrataci\u00f3n de los distintos servicios vinculados e \u00a0incluidos en el respectivo tour o reservaci\u00f3n de \u00a0servicios: hoteles, restaurantes, medios de transporte \u00a0de todo tipo, u otros prestadores. No obstante ello las responsabilidades de la empresa, sea que intervenga \u00a0como organizadora o intermediaria de viaje, ser\u00e1n \u00a0determinadas conforme a las disposiciones contenidas en la Convenci\u00f3n Internacional Relativa al \u00a0Contrato de Viaje aprobada por la ley 19.918. La \u00a0empresa no se responsabiliza por los hechos que se \u00a0produzcan por caso fortuito o fuerza mayor \u00a0acontecidos antes o durante el desarrollo del tour y \u00a0que impidan, demoren o de cualquier modo obstaculicen la ejecuci\u00f3n total o parcial de las \u00a0prestaciones comprometidas por la empresa, \u00a0conforme al r\u00e9gimen establecido por el C\u00f3digo Civil o \u00a0la norma que lo reemplace en el futuro. Las c\u00edas. \u00a0transportadoras no son responsables por circunstancia \u00a0alguna mientras los pasajeros no est\u00e9n a bordo de sus \u00a0unidades; el contrato de transporte en uso de las c\u00edas. \u00a0transportadoras comprometidas en el desarrollo de \u00a0nuestros programas constituir\u00e1 el \u00fanico contrato entre \u00a0las mismas y el comprador de la excursi\u00f3n y\/o \u00a0pasajero.[\/vc_column_text][\/vc_tta_section][vc_tta_section title=\u00bbALOJAMIENTO\u00bb tab_id=\u00bb1473276649051-859a7c82-7077&#8243;][vc_column_text]Check In: 15 hs.<\/p>\n<p>Check Out: 11 hs.[\/vc_column_text][\/vc_tta_section][vc_tta_section title=\u00bbALTERACIONES o MODIFICACIONES\u00bb tab_id=\u00bb1473276703111-fb3950ec-7b81&#8243;][vc_column_text]1) La empresa se reserva el derecho de \u00a0alterar total o \u00a0parcialmente, por razones \u00a0t\u00e9cnicas u operativas, el \u00a0ordenamiento diario \u00a0y\/o servicios que componen el \u00a0tour, antes o \u00a0durante la ejecuci\u00f3n del mismo;<\/p>\n<p>2) Salvo condici\u00f3n expresa en contrario, los hoteles \u00a0estipulados podr\u00e1n ser cambiados por otros de igual o\u00a0 \u00a0mayor jerarqu\u00eda dentro del mismo n\u00facleo urbano sin \u00a0cargo alguno para el pasajero; respecto a estas \u00a0variaciones el pasajero no tendr\u00e1 derecho a reclamar \u00a0indemnizaci\u00f3n alguna;<\/p>\n<p>3) La empresa podr\u00e1 anular cualquier tour cuando se \u00a0configure alguna de las circunstancias previstas en el \u00a0art. 24 del Decreto 2182\/72;<\/p>\n<p>4) Una vez comenzado el viaje, la suspensi\u00f3n, modificaci\u00f3n o interrupci\u00f3n de los servicios por parte \u00a0del pasajero por razones de cualquier \u00edndole no dar\u00e1 derecho a reclamo, reembolso o devoluci\u00f3n alguna.[\/vc_column_text][\/vc_tta_section][vc_tta_section title=\u00bbPRECIO TOTAL\u00bb tab_id=\u00bb1473276860589-1ba174a9-3267&#8243;][vc_column_text]Los precios de nuestros programas est\u00e1n basados en \u00a0las \u00a0tarifas y tipos de cambio vigentes al momento de \u00a0la \u00a0impresi\u00f3n y por lo tanto sujetos a modificaciones. \u00a0La \u00a0inscripci\u00f3n para tomar parte de nuestras \u00a0excursiones, implica el total conocimiento, \u00a0conformidad y aceptaci\u00f3n de \u00a0las condiciones establecidas.[\/vc_column_text][\/vc_tta_section][vc_tta_section title=\u00bbNORMAS DE APLICACI\u00d3N\u00bb tab_id=\u00bb1473276926897-e1e9c724-fe60&#8243;][vc_column_text]El contrato de viaje se regir\u00e1 por la Convenci\u00f3n de Bruselas aprobada por la ley 19.918, por la ley 18.829 \u00a0y su reglamentaci\u00f3n, y por estas condiciones generales.[\/vc_column_text][\/vc_tta_section][vc_tta_section title=\u00bbCLAUSULA DE ARBITRAJE\u00bb tab_id=\u00bb1473276973792-40b69c3a-18e2&#8243;][vc_column_text]Toda cuesti\u00f3n que surja con motivo del \u00a0cumplimiento del contrato de viaje ser\u00e1 sometido por las partes al Tribunal Arbitral de \u00a0la Asociaci\u00f3n Argentina de Agencias de Viajes \u00a0y Turismo, dando por aceptadas \u00a0las partes todas las condiciones establecidas por la reglamentaci\u00f3n de dicho Tribunal Arbitral.[\/vc_column_text][\/vc_tta_section][vc_tta_section title=\u00bbVALIDEZ\u00bb tab_id=\u00bb1473277053439-f1940148-f97c\u00bb][vc_column_text]El presente folleto tendr\u00e1 validez hasta el mes de Diciembre del \u00a02025.[\/vc_column_text][\/vc_tta_section][\/vc_tta_accordion][\/vc_column][\/vc_row]<\/p>\n","protected":false},"excerpt":{"rendered":"<p>[vc_row css=\u00bb.vc_custom_1458216046110{margin-bottom: 60px !important;}\u00bb][vc_column][title title=\u00bbLalileo Viajes EVT Leg. 11411&#8243; subtitle=\u00bb\u00bb description=\u00bb\u00bb css=\u00bb.vc_custom_1473277755816{padding-top: 110px !important;padding-bottom: 65px !important;}\u00bb][\/vc_column][\/vc_row][vc_row][vc_column][vc_tta_accordion style=\u00bbmodern\u00bb active_section=\u00bb1&#8243;][vc_tta_section title=\u00bbSOLICITUDES Y &#8230;<\/p>\n","protected":false},"author":1,"featured_media":0,"parent":0,"menu_order":0,"comment_status":"closed","ping_status":"closed","template":"","meta":{"footnotes":""},"class_list":["post-680","page","type-page","status-publish","hentry"],"_links":{"self":[{"href":"https:\/\/www.lalileoviajes.tur.ar\/index.php\/wp-json\/wp\/v2\/pages\/680","targetHints":{"allow":["GET"]}}],"collection":[{"href":"https:\/\/www.lalileoviajes.tur.ar\/index.php\/wp-json\/wp\/v2\/pages"}],"about":[{"href":"https:\/\/www.lalileoviajes.tur.ar\/index.php\/wp-json\/wp\/v2\/types\/page"}],"author":[{"embeddable":true,"href":"https:\/\/www.lalileoviajes.tur.ar\/index.php\/wp-json\/wp\/v2\/users\/1"}],"replies":[{"embeddable":true,"href":"https:\/\/www.lalileoviajes.tur.ar\/index.php\/wp-json\/wp\/v2\/comments?post=680"}],"version-history":[{"count":7,"href":"https:\/\/www.lalileoviajes.tur.ar\/index.php\/wp-json\/wp\/v2\/pages\/680\/revisions"}],"predecessor-version":[{"id":1905,"href":"https:\/\/www.lalileoviajes.tur.ar\/index.php\/wp-json\/wp\/v2\/pages\/680\/revisions\/1905"}],"wp:attachment":[{"href":"https:\/\/www.lalileoviajes.tur.ar\/index.php\/wp-json\/wp\/v2\/media?parent=680"}],"curies":[{"name":"wp","href":"https:\/\/api.w.org\/{rel}","templated":true}]}}