{"id":608,"date":"2016-01-25T02:46:15","date_gmt":"2016-01-25T02:46:15","guid":{"rendered":"http:\/\/demo.themeton.com\/letstravel\/?page_id=608"},"modified":"2016-10-06T14:55:32","modified_gmt":"2016-10-06T17:55:32","slug":"institucional","status":"publish","type":"page","link":"https:\/\/www.lalileoviajes.tur.ar\/index.php\/institucional\/","title":{"rendered":"Institucional"},"content":{"rendered":"<p>[vc_row css=\u00bb.vc_custom_1453690540918{margin-bottom: 0px !important;padding-bottom: 90px !important;}\u00bb][vc_column][vc_tta_tabs][vc_tta_section title=\u00bbNuestra Visi\u00f3n\u00bb tab_id=\u00bb1474469063863-c0184a2e-3ab5&#8243;][vc_column_text]Ser reconocidos por nuestros clientes, proveedores y por la comunidad, como la mejor empresa de servicios de viaje, l\u00edder y s\u00f3lida, que basada en la integridad y satisfacci\u00f3n de su gente, cumpla con los sue\u00f1os y supere las expectativas de sus clientes, mediante un servicio profesional e innovador. Nos proponemos trascender y lograr el reconocimiento como empresa que invierte y se proyecta hacia el futuro.[\/vc_column_text][\/vc_tta_section][vc_tta_section title=\u00bbNuestra Misi\u00f3n\u00bb tab_id=\u00bb1474469063943-c6f6cba3-6d7b\u00bb][vc_column_text]Nuestra misi\u00f3n es lograr la satisfacci\u00f3n total de los pasajeros y de usted, nuestro socio, el agente de viajes.<\/p>\n<p>Para ello:<\/p>\n<p>Ofrecemos propuestas que se ajusten a los requerimientos y necesidades del cliente, a trav\u00e9s de un asesoramiento personalizado.<\/p>\n<p>Escuchamos emp\u00e1ticamente a nuestros clientes.<\/p>\n<p>Proveemos capacitaci\u00f3n permanente al personal, de forma que est\u00e9n preparados para brindar un servicio profesional, proactivo y satisfactorio.<\/p>\n<p>Revisamos y cambiamos nuestros procesos para la mejora continua.<\/p>\n<p>Somos considerados por nuestros proveedores como un aliado y socio estrat\u00e9gico.<\/p>\n<p>La calidad presente en nuestro nombre, es nuestra m\u00e1xima preocupaci\u00f3n y es por eso que trabajando con nosotros usted encontrar\u00e1:<\/p>\n<ul>\n<li>Profesionales altamente capacitados y biling\u00fces<\/li>\n<li>Respuesta inmediata<\/li>\n<li>Excelente tarifa y calidad<\/li>\n<li>Asesoramiento en el armado de sus programas.<\/li>\n<li>Soporte informativo y folleter\u00eda para Ud. y sus pasajeros.<\/li>\n<li>Absoluto compromiso con la calidad.<\/li>\n<\/ul>\n<p>[\/vc_column_text][\/vc_tta_section][vc_tta_section title=\u00bbNuestros Servicios\u00bb tab_id=\u00bb1474469251573-d942463c-04ce\u00bb][vc_column_text]<\/p>\n<ul>\n<li>Reservas de pasajes a\u00e9reos.<\/li>\n<li>Reservas hoteleras.<\/li>\n<li>Diagramaci\u00f3n de viajes All Inclusive.<\/li>\n<li>Asistencia de gu\u00edas biling\u00fces.<\/li>\n<li>Traslados.<\/li>\n<li>Salidas grupales.<\/li>\n<\/ul>\n<p style=\"text-align: right;\">Ver <a href=\"https:\/\/www.lalileoviajes.tur.ar\/index.php\/condiciones\/\">Condiciones Comerciales<\/a><\/p>\n<p>[\/vc_column_text][\/vc_tta_section][\/vc_tta_tabs][\/vc_column][\/vc_row]<\/p>\n","protected":false},"excerpt":{"rendered":"<p>[vc_row css=\u00bb.vc_custom_1453690540918{margin-bottom: 0px !important;padding-bottom: 90px !important;}\u00bb][vc_column][vc_tta_tabs][vc_tta_section title=\u00bbNuestra Visi\u00f3n\u00bb tab_id=\u00bb1474469063863-c0184a2e-3ab5&#8243;][vc_column_text]Ser reconocidos por nuestros clientes, proveedores y por la comunidad, como la &#8230;<\/p>\n","protected":false},"author":1,"featured_media":0,"parent":0,"menu_order":0,"comment_status":"closed","ping_status":"closed","template":"","meta":{"footnotes":""},"class_list":["post-608","page","type-page","status-publish","hentry"],"_links":{"self":[{"href":"https:\/\/www.lalileoviajes.tur.ar\/index.php\/wp-json\/wp\/v2\/pages\/608","targetHints":{"allow":["GET"]}}],"collection":[{"href":"https:\/\/www.lalileoviajes.tur.ar\/index.php\/wp-json\/wp\/v2\/pages"}],"about":[{"href":"https:\/\/www.lalileoviajes.tur.ar\/index.php\/wp-json\/wp\/v2\/types\/page"}],"author":[{"embeddable":true,"href":"https:\/\/www.lalileoviajes.tur.ar\/index.php\/wp-json\/wp\/v2\/users\/1"}],"replies":[{"embeddable":true,"href":"https:\/\/www.lalileoviajes.tur.ar\/index.php\/wp-json\/wp\/v2\/comments?post=608"}],"version-history":[{"count":7,"href":"https:\/\/www.lalileoviajes.tur.ar\/index.php\/wp-json\/wp\/v2\/pages\/608\/revisions"}],"predecessor-version":[{"id":2350,"href":"https:\/\/www.lalileoviajes.tur.ar\/index.php\/wp-json\/wp\/v2\/pages\/608\/revisions\/2350"}],"wp:attachment":[{"href":"https:\/\/www.lalileoviajes.tur.ar\/index.php\/wp-json\/wp\/v2\/media?parent=608"}],"curies":[{"name":"wp","href":"https:\/\/api.w.org\/{rel}","templated":true}]}}